{"id":100,"date":"2021-03-02T18:58:30","date_gmt":"2021-03-02T17:58:30","guid":{"rendered":"https:\/\/joyeuxbougnats-eglisolles.fr\/?page_id=100"},"modified":"2025-11-22T17:49:38","modified_gmt":"2025-11-22T16:49:38","slug":"composition-du-bureau","status":"publish","type":"page","link":"https:\/\/joyeuxbougnats-eglisolles.fr\/?page_id=100","title":{"rendered":"Composition du bureau"},"content":{"rendered":"\n<p><em>Pr\u00e9sident:<\/em> <strong>Robert Bichelonne<\/strong><\/p>\n\n\n\n<p><em>Vice- pr\u00e9sident:<\/em> <strong>Christophe Varagnat<\/strong><\/p>\n\n\n\n<p><em>Tr\u00e9sorier:<\/em> <strong>Eric Fernon<\/strong><\/p>\n\n\n\n<p><em>Secr\u00e9taire:<\/em><strong> Alain Gay<\/strong><\/p>\n","protected":false},"excerpt":{"rendered":"<p>Pr\u00e9sident: Robert Bichelonne Vice- pr\u00e9sident: Christophe Varagnat Tr\u00e9sorier: Eric Fernon Secr\u00e9taire: Alain Gay<\/p>\n","protected":false},"author":1,"featured_media":0,"parent":0,"menu_order":0,"comment_status":"closed","ping_status":"closed","template":"","meta":{"footnotes":""},"class_list":["post-100","page","type-page","status-publish","hentry"],"yoast_head":"<!-- This site is optimized with the Yoast SEO plugin v27.2 - https:\/\/yoast.com\/product\/yoast-seo-wordpress\/ -->\n<title>Composition du bureau - Les Joyeux Bougnats d&#039;Eglisolles<\/title>\n<meta name=\"robots\" content=\"index, follow, max-snippet:-1, max-image-preview:large, max-video-preview:-1\" \/>\n<link rel=\"canonical\" href=\"https:\/\/joyeuxbougnats-eglisolles.fr\/?page_id=100\" \/>\n<meta property=\"og:locale\" content=\"fr_FR\" \/>\n<meta property=\"og:type\" content=\"article\" \/>\n<meta property=\"og:title\" content=\"Composition du bureau - Les Joyeux Bougnats d&#039;Eglisolles\" \/>\n<meta property=\"og:description\" content=\"Pr\u00e9sident: Robert Bichelonne Vice- pr\u00e9sident: Christophe Varagnat Tr\u00e9sorier: Eric Fernon Secr\u00e9taire: Alain Gay\" \/>\n<meta property=\"og:url\" content=\"https:\/\/joyeuxbougnats-eglisolles.fr\/?page_id=100\" \/>\n<meta property=\"og:site_name\" content=\"Les Joyeux Bougnats d&#039;Eglisolles\" \/>\n<meta property=\"article:modified_time\" content=\"2025-11-22T16:49:38+00:00\" \/>\n<meta name=\"twitter:card\" content=\"summary_large_image\" \/>\n<meta name=\"twitter:label1\" content=\"Dur\u00e9e de lecture estim\u00e9e\" \/>\n\t<meta name=\"twitter:data1\" content=\"1 minute\" \/>\n<script type=\"application\/ld+json\" class=\"yoast-schema-graph\">{\"@context\":\"https:\/\/schema.org\",\"@graph\":[{\"@type\":\"WebPage\",\"@id\":\"https:\/\/joyeuxbougnats-eglisolles.fr\/?page_id=100\",\"url\":\"https:\/\/joyeuxbougnats-eglisolles.fr\/?page_id=100\",\"name\":\"Composition du bureau - Les Joyeux Bougnats d&#039;Eglisolles\",\"isPartOf\":{\"@id\":\"https:\/\/joyeuxbougnats-eglisolles.fr\/#website\"},\"datePublished\":\"2021-03-02T17:58:30+00:00\",\"dateModified\":\"2025-11-22T16:49:38+00:00\",\"breadcrumb\":{\"@id\":\"https:\/\/joyeuxbougnats-eglisolles.fr\/?page_id=100#breadcrumb\"},\"inLanguage\":\"fr-FR\",\"potentialAction\":[{\"@type\":\"ReadAction\",\"target\":[\"https:\/\/joyeuxbougnats-eglisolles.fr\/?page_id=100\"]}]},{\"@type\":\"BreadcrumbList\",\"@id\":\"https:\/\/joyeuxbougnats-eglisolles.fr\/?page_id=100#breadcrumb\",\"itemListElement\":[{\"@type\":\"ListItem\",\"position\":1,\"name\":\"Accueil\",\"item\":\"https:\/\/joyeuxbougnats-eglisolles.fr\/\"},{\"@type\":\"ListItem\",\"position\":2,\"name\":\"Composition du bureau\"}]},{\"@type\":\"WebSite\",\"@id\":\"https:\/\/joyeuxbougnats-eglisolles.fr\/#website\",\"url\":\"https:\/\/joyeuxbougnats-eglisolles.fr\/\",\"name\":\"Les Joyeux Bougnats d'Eglisolles\",\"description\":\"Association pour l&#039;animation, soir\u00e9es, repas, sorties, f\u00eate du village\",\"publisher\":{\"@id\":\"https:\/\/joyeuxbougnats-eglisolles.fr\/#organization\"},\"potentialAction\":[{\"@type\":\"SearchAction\",\"target\":{\"@type\":\"EntryPoint\",\"urlTemplate\":\"https:\/\/joyeuxbougnats-eglisolles.fr\/?s={search_term_string}\"},\"query-input\":{\"@type\":\"PropertyValueSpecification\",\"valueRequired\":true,\"valueName\":\"search_term_string\"}}],\"inLanguage\":\"fr-FR\"},{\"@type\":\"Organization\",\"@id\":\"https:\/\/joyeuxbougnats-eglisolles.fr\/#organization\",\"name\":\"Les Joyeux Bougnats d'Eglisolles\",\"url\":\"https:\/\/joyeuxbougnats-eglisolles.fr\/\",\"logo\":{\"@type\":\"ImageObject\",\"inLanguage\":\"fr-FR\",\"@id\":\"https:\/\/joyeuxbougnats-eglisolles.fr\/#\/schema\/logo\/image\/\",\"url\":\"https:\/\/joyeuxbougnats-eglisolles.fr\/wp-content\/uploads\/2021\/03\/cropped-logo_jbe_1.jpg\",\"contentUrl\":\"https:\/\/joyeuxbougnats-eglisolles.fr\/wp-content\/uploads\/2021\/03\/cropped-logo_jbe_1.jpg\",\"width\":307,\"height\":140,\"caption\":\"Les Joyeux Bougnats d'Eglisolles\"},\"image\":{\"@id\":\"https:\/\/joyeuxbougnats-eglisolles.fr\/#\/schema\/logo\/image\/\"}}]}<\/script>\n<!-- \/ Yoast SEO plugin. -->","yoast_head_json":{"title":"Composition du bureau - Les Joyeux Bougnats d&#039;Eglisolles","robots":{"index":"index","follow":"follow","max-snippet":"max-snippet:-1","max-image-preview":"max-image-preview:large","max-video-preview":"max-video-preview:-1"},"canonical":"https:\/\/joyeuxbougnats-eglisolles.fr\/?page_id=100","og_locale":"fr_FR","og_type":"article","og_title":"Composition du bureau - Les Joyeux Bougnats d&#039;Eglisolles","og_description":"Pr\u00e9sident: Robert Bichelonne Vice- pr\u00e9sident: Christophe Varagnat Tr\u00e9sorier: Eric Fernon Secr\u00e9taire: Alain Gay","og_url":"https:\/\/joyeuxbougnats-eglisolles.fr\/?page_id=100","og_site_name":"Les Joyeux Bougnats d&#039;Eglisolles","article_modified_time":"2025-11-22T16:49:38+00:00","twitter_card":"summary_large_image","twitter_misc":{"Dur\u00e9e de lecture estim\u00e9e":"1 minute"},"schema":{"@context":"https:\/\/schema.org","@graph":[{"@type":"WebPage","@id":"https:\/\/joyeuxbougnats-eglisolles.fr\/?page_id=100","url":"https:\/\/joyeuxbougnats-eglisolles.fr\/?page_id=100","name":"Composition du bureau - Les Joyeux Bougnats d&#039;Eglisolles","isPartOf":{"@id":"https:\/\/joyeuxbougnats-eglisolles.fr\/#website"},"datePublished":"2021-03-02T17:58:30+00:00","dateModified":"2025-11-22T16:49:38+00:00","breadcrumb":{"@id":"https:\/\/joyeuxbougnats-eglisolles.fr\/?page_id=100#breadcrumb"},"inLanguage":"fr-FR","potentialAction":[{"@type":"ReadAction","target":["https:\/\/joyeuxbougnats-eglisolles.fr\/?page_id=100"]}]},{"@type":"BreadcrumbList","@id":"https:\/\/joyeuxbougnats-eglisolles.fr\/?page_id=100#breadcrumb","itemListElement":[{"@type":"ListItem","position":1,"name":"Accueil","item":"https:\/\/joyeuxbougnats-eglisolles.fr\/"},{"@type":"ListItem","position":2,"name":"Composition du bureau"}]},{"@type":"WebSite","@id":"https:\/\/joyeuxbougnats-eglisolles.fr\/#website","url":"https:\/\/joyeuxbougnats-eglisolles.fr\/","name":"Les Joyeux Bougnats d'Eglisolles","description":"Association pour l&#039;animation, soir\u00e9es, repas, sorties, f\u00eate du village","publisher":{"@id":"https:\/\/joyeuxbougnats-eglisolles.fr\/#organization"},"potentialAction":[{"@type":"SearchAction","target":{"@type":"EntryPoint","urlTemplate":"https:\/\/joyeuxbougnats-eglisolles.fr\/?s={search_term_string}"},"query-input":{"@type":"PropertyValueSpecification","valueRequired":true,"valueName":"search_term_string"}}],"inLanguage":"fr-FR"},{"@type":"Organization","@id":"https:\/\/joyeuxbougnats-eglisolles.fr\/#organization","name":"Les Joyeux Bougnats d'Eglisolles","url":"https:\/\/joyeuxbougnats-eglisolles.fr\/","logo":{"@type":"ImageObject","inLanguage":"fr-FR","@id":"https:\/\/joyeuxbougnats-eglisolles.fr\/#\/schema\/logo\/image\/","url":"https:\/\/joyeuxbougnats-eglisolles.fr\/wp-content\/uploads\/2021\/03\/cropped-logo_jbe_1.jpg","contentUrl":"https:\/\/joyeuxbougnats-eglisolles.fr\/wp-content\/uploads\/2021\/03\/cropped-logo_jbe_1.jpg","width":307,"height":140,"caption":"Les Joyeux Bougnats d'Eglisolles"},"image":{"@id":"https:\/\/joyeuxbougnats-eglisolles.fr\/#\/schema\/logo\/image\/"}}]}},"_links":{"self":[{"href":"https:\/\/joyeuxbougnats-eglisolles.fr\/index.php?rest_route=\/wp\/v2\/pages\/100","targetHints":{"allow":["GET"]}}],"collection":[{"href":"https:\/\/joyeuxbougnats-eglisolles.fr\/index.php?rest_route=\/wp\/v2\/pages"}],"about":[{"href":"https:\/\/joyeuxbougnats-eglisolles.fr\/index.php?rest_route=\/wp\/v2\/types\/page"}],"author":[{"embeddable":true,"href":"https:\/\/joyeuxbougnats-eglisolles.fr\/index.php?rest_route=\/wp\/v2\/users\/1"}],"replies":[{"embeddable":true,"href":"https:\/\/joyeuxbougnats-eglisolles.fr\/index.php?rest_route=%2Fwp%2Fv2%2Fcomments&post=100"}],"version-history":[{"count":5,"href":"https:\/\/joyeuxbougnats-eglisolles.fr\/index.php?rest_route=\/wp\/v2\/pages\/100\/revisions"}],"predecessor-version":[{"id":1031,"href":"https:\/\/joyeuxbougnats-eglisolles.fr\/index.php?rest_route=\/wp\/v2\/pages\/100\/revisions\/1031"}],"wp:attachment":[{"href":"https:\/\/joyeuxbougnats-eglisolles.fr\/index.php?rest_route=%2Fwp%2Fv2%2Fmedia&parent=100"}],"curies":[{"name":"wp","href":"https:\/\/api.w.org\/{rel}","templated":true}]}}