{"id":102,"date":"2021-03-02T19:01:56","date_gmt":"2021-03-02T18:01:56","guid":{"rendered":"https:\/\/joyeuxbougnats-eglisolles.fr\/?page_id=102"},"modified":"2021-03-02T19:01:57","modified_gmt":"2021-03-02T18:01:57","slug":"mentions-legales","status":"publish","type":"page","link":"https:\/\/joyeuxbougnats-eglisolles.fr\/?page_id=102","title":{"rendered":"Mentions l\u00e9gales"},"content":{"rendered":"\n<div class=\"wp-block-themeisle-blocks-advanced-columns has-1-columns has-desktop-equal-layout has-tablet-equal-layout has-mobile-equal-layout has-default-gap has-vertical-unset\" id=\"wp-block-themeisle-blocks-advanced-columns-f45a2dd0\"><div class=\"wp-block-themeisle-blocks-advanced-columns-overlay\"><\/div><div class=\"innerblocks-wrap\">\n<div class=\"wp-block-themeisle-blocks-advanced-column\" id=\"wp-block-themeisle-blocks-advanced-column-f0bb522d\"><\/div>\n<\/div><\/div>\n\n\n\n<p>Le site <a rel=\"noreferrer noopener\" href=\"https:\/\/joyeuxbougnats-eglisolles.fr\" target=\"_blank\">joyeuxbougnats-eglisolles.fr<\/a> a pour but d&rsquo;informer des f\u00eates, soir\u00e9es, repas, excusions propos\u00e9es par l&rsquo;association aux habitants d&rsquo;Eglisolles et ses environs.<\/p>\n\n\n\n<h2 class=\"wp-block-heading\" id=\"Informations-editoriales\">Informations \u00e9ditoriales<\/h2>\n\n\n\n<p><strong>\u00c9diteur<\/strong><br>Association Les Joyeux Bougnats<br>Mairie<br>63840 Eglisolles<\/p>\n\n\n\n<p><strong>Directeur de publication<\/strong><br>Robert Bichelonne Pr\u00e9sident <br>Association Les Joyeux Bougnats<\/p>\n\n\n\n<p><strong>Contact<\/strong><br>T\u00e9l: 04 73 72 79 11<br>Courriel: robertbichelonne@hotmail.fr<br><br><\/p>\n\n\n\n<h2 class=\"wp-block-heading\" id=\"Protection-et-traitement-de-donnees-a-caractere-personnel\">Protection et traitement de donn\u00e9es \u00e0 caract\u00e8re personnel<\/h2>\n\n\n\n<p><strong>Respect des lois en vigueur<\/strong><br>Le site <a rel=\"noreferrer noopener\" href=\"http:\/\/www.associations.gouv.fr\" target=\"_blank\"><\/a><a rel=\"noreferrer noopener\" href=\"https:\/\/joyeuxbougnats-eglisolles.fr\" target=\"_blank\">joyeuxbougnats-eglisolles.fr<\/a> respecte la vie priv\u00e9e de l\u2019internaute et se conforme strictement aux lois en vigueur sur la protection de la vie priv\u00e9e et des libert\u00e9s individuelles. Aucune information personnelle n\u2019est collect\u00e9e \u00e0 votre insu. Aucune information personnelle n\u2019est c\u00e9d\u00e9e \u00e0 des tiers. Les courriels, les adresses \u00e9lectroniques ou autres informations nominatives dont ce site est destinataire ne font l\u2019objet d\u2019aucune exploitation et ne sont conserv\u00e9s que pour la dur\u00e9e n\u00e9cessaire \u00e0 leur traitement.<\/p>\n\n\n\n<p><br><strong>Cookies<\/strong><br>Lors de la consultation de notre site <a rel=\"noreferrer noopener\" href=\"https:\/\/joyeuxbougnats-eglisolles.fr\" target=\"_blank\">joyeuxbougnats-eglisolles.fr<\/a>, des cookies sont d\u00e9pos\u00e9s sur votre ordinateur, votre mobile ou votre tablette.<br>Les seuls cookies utilis\u00e9s par le site sont ceux destin\u00e9s \u00e0 la mesure d\u2019audience et ne collectent pas de donn\u00e9es personnelles. Les outils de mesures d\u2019audience sont d\u00e9ploy\u00e9s afin d\u2019obtenir des informations sur la navigation des visiteurs. <\/p>\n\n\n\n<p><strong>D\u00e9finition d\u2019un cookie<\/strong><br>Un cookie est un fichier texte d\u00e9pos\u00e9 sur votre ordinateur lors de la visite d\u2019un site ou de la consultation d\u2019une publicit\u00e9. Il a pour but de collecter des informations relatives \u00e0 votre navigation et de vous adresser des services adapt\u00e9s \u00e0 votre terminal (ordinateur, mobile ou tablette). Les cookies sont g\u00e9r\u00e9s par votre navigateur internet.<br>Nous veillons dans la mesure du possible \u00e0 ce que les prestataires de mesures d\u2019audience respectent strictement la loi informatique et libert\u00e9s du 6 janvier 1978 modifi\u00e9e et s\u2019engagent \u00e0 mettre en \u0153uvre des mesures appropri\u00e9es de s\u00e9curisation et de protection de la confidentialit\u00e9 des donn\u00e9es.<\/p>\n\n\n\n<p><strong>Param\u00e9trer votre navigateur internet<\/strong><br>Vous pouvez \u00e0 tout moment choisir de d\u00e9sactiver ces cookies. Votre navigateur peut \u00e9galement \u00eatre param\u00e9tr\u00e9 pour vous signaler les cookies qui sont d\u00e9pos\u00e9s dans votre ordinateur et vous demander de les accepter ou pas. Vous pouvez accepter ou refuser les cookies au cas par cas ou bien les refuser syst\u00e9matiquement.<br>En cas de refus de d\u00e9p\u00f4t de cookie, vous ne pourrez pas consulter le site . Afin de g\u00e9rer les cookies au plus pr\u00e8s de vos attentes nous vous invitons \u00e0 param\u00e9trer votre navigateur en tenant compte de la finalit\u00e9 des cookies.<\/p>\n\n\n\n<h2 class=\"wp-block-heading\" id=\"Prestataire-d-hebergement\">Prestataire d\u2019h\u00e9bergement<\/h2>\n\n\n\n<p><strong>SAS OVH &#8211; <a href=\"https:\/\/www.ovh.com\/\">https:\/\/www.ovh.com\/<\/a><br>2 rue Kellermann<br>BP 80157<br>59100 Roubaix<\/strong><\/p>\n\n\n\n<p><\/p>\n\n\n\n<h2 class=\"wp-block-heading\" id=\"Droits-d-auteur-et-droits-de-reproduction\">Droits d\u2019auteur et droits de reproduction<\/h2>\n\n\n\n<p><strong>Droits de reproduction <\/strong><br>Les contenus pr\u00e9sents sur le site sont couverts par le droit d\u2019auteur. Toute reprise est d\u00e8s lors conditionn\u00e9e \u00e0 l\u2019accord de l\u2019auteur en vertu de l\u2019article L.122-4 du Code de la propri\u00e9t\u00e9 Intellectuelle. Les informations utilis\u00e9es ne doivent l\u2019\u00eatre qu\u2019\u00e0 des fins personnelles, associatives ou professionnelles&nbsp;; toute diffusion ou utilisation \u00e0 des fins commerciales ou publicitaires \u00e9tant interdites.<\/p>\n\n\n\n<p><strong>Cr\u00e9dits photos et illustrations<\/strong><br>Toutes les photographies du site sont propri\u00e9t\u00e9 de l&rsquo;association<br><\/p>\n\n\n\n<p><strong>Cr\u00e9ation de liens vers le site<\/strong><br>Le site <a rel=\"noreferrer noopener\" href=\"https:\/\/joyeuxbougnats-eglisolles.fr\" target=\"_blank\">joyeuxbougnats-eglisolles.fr<\/a> autorise, sans autorisation pr\u00e9alable, la mise en place de liens hypertextes pointant vers ses pages, sous r\u00e9serve de&nbsp;:<\/p>\n\n\n\n<ul class=\"wp-block-list\"><li>ne pas utiliser la technique du lien profond, c\u2019est-\u00e0-dire que les pages du site <a rel=\"noreferrer noopener\" href=\"https:\/\/joyeuxbougnats-eglisolles.fr\" target=\"_blank\">joyeuxbougnats-eglisolles.fr<\/a> ne doivent pas \u00eatre imbriqu\u00e9es \u00e0 l\u2019int\u00e9rieur des pages d\u2019un autre site, mais visibles par l\u2019ouverture d\u2019une fen\u00eatre ind\u00e9pendante.<\/li><li>mentionner la source qui pointera gr\u00e2ce \u00e0 un lien hypertexte directement sur le contenu vis\u00e9.<\/li><\/ul>\n\n\n\n<p><\/p>\n\n\n\n<h2 class=\"wp-block-heading\" id=\"Responsabilite-face-aux-liens-vers-d-autres-sites\">Responsabilit\u00e9 face aux liens vers d\u2019autres sites<\/h2>\n\n\n\n<p>Le site <a rel=\"noreferrer noopener\" href=\"https:\/\/joyeuxbougnats-eglisolles.fr\" target=\"_blank\">joyeuxbougnats-eglisolles.fr<\/a> propose des liens vers d\u2019autres sites, essentiellement des sites partenaires.<br>Chaque fois, il est syst\u00e9matiquement pr\u00e9cis\u00e9 vers quel site nous vous proposons d\u2019aller. Ces pages, dont les adresses sont r\u00e9guli\u00e8rement v\u00e9rifi\u00e9es, ne font pas partie du site <a rel=\"noreferrer noopener\" href=\"https:\/\/joyeuxbougnats-eglisolles.fr\" target=\"_blank\">joyeuxbougnats-eglisolles.fr<\/a>:<br>Elles n\u2019engagent pas la responsabilit\u00e9 de la r\u00e9daction du site qui ne peut \u00eatre tenue pour responsable des contenus vers lesquels ces liens pointent. Ils ne visent qu\u2019\u00e0 permettre \u00e0 l\u2019internaute d\u2019acc\u00e9der plus facilement \u00e0 d\u2019autres ressources documentaires sur le sujet consult\u00e9.<\/p>\n","protected":false},"excerpt":{"rendered":"<p>Le site joyeuxbougnats-eglisolles.fr a pour but d&rsquo;informer des f\u00eates, soir\u00e9es, repas, excusions propos\u00e9es par l&rsquo;association aux habitants d&rsquo;Eglisolles et ses environs. Informations \u00e9ditoriales \u00c9diteurAssociation Les Joyeux BougnatsMairie63840 Eglisolles Directeur de publicationRobert Bichelonne Pr\u00e9sident Association Les Joyeux Bougnats ContactT\u00e9l: 04 73 72 79 11Courriel: robertbichelonne@hotmail.fr Protection et traitement de donn\u00e9es \u00e0 [&hellip;]<\/p>\n","protected":false},"author":1,"featured_media":0,"parent":0,"menu_order":0,"comment_status":"closed","ping_status":"closed","template":"","meta":{"footnotes":""},"class_list":["post-102","page","type-page","status-publish","hentry"],"yoast_head":"<!-- This site is optimized with the Yoast SEO plugin v27.2 - https:\/\/yoast.com\/product\/yoast-seo-wordpress\/ -->\n<title>Mentions l\u00e9gales - Les Joyeux Bougnats d&#039;Eglisolles<\/title>\n<meta name=\"robots\" content=\"index, follow, max-snippet:-1, max-image-preview:large, max-video-preview:-1\" \/>\n<link rel=\"canonical\" href=\"https:\/\/joyeuxbougnats-eglisolles.fr\/?page_id=102\" \/>\n<meta property=\"og:locale\" content=\"fr_FR\" \/>\n<meta property=\"og:type\" content=\"article\" \/>\n<meta property=\"og:title\" content=\"Mentions l\u00e9gales - Les Joyeux Bougnats d&#039;Eglisolles\" \/>\n<meta property=\"og:description\" content=\"Le site joyeuxbougnats-eglisolles.fr a pour but d&rsquo;informer des f\u00eates, soir\u00e9es, repas, excusions propos\u00e9es par l&rsquo;association aux habitants d&rsquo;Eglisolles et ses environs. Informations \u00e9ditoriales \u00c9diteurAssociation Les Joyeux BougnatsMairie63840 Eglisolles Directeur de publicationRobert Bichelonne Pr\u00e9sident Association Les Joyeux Bougnats ContactT\u00e9l: 04 73 72 79 11Courriel: robertbichelonne@hotmail.fr Protection et traitement de donn\u00e9es \u00e0 [&hellip;]\" \/>\n<meta property=\"og:url\" content=\"https:\/\/joyeuxbougnats-eglisolles.fr\/?page_id=102\" \/>\n<meta property=\"og:site_name\" content=\"Les Joyeux Bougnats d&#039;Eglisolles\" \/>\n<meta property=\"article:modified_time\" content=\"2021-03-02T18:01:57+00:00\" \/>\n<meta name=\"twitter:card\" content=\"summary_large_image\" \/>\n<meta name=\"twitter:label1\" content=\"Dur\u00e9e de lecture estim\u00e9e\" \/>\n\t<meta name=\"twitter:data1\" content=\"4 minutes\" \/>\n<script type=\"application\/ld+json\" class=\"yoast-schema-graph\">{\"@context\":\"https:\/\/schema.org\",\"@graph\":[{\"@type\":\"WebPage\",\"@id\":\"https:\/\/joyeuxbougnats-eglisolles.fr\/?page_id=102\",\"url\":\"https:\/\/joyeuxbougnats-eglisolles.fr\/?page_id=102\",\"name\":\"Mentions l\u00e9gales - Les Joyeux Bougnats d&#039;Eglisolles\",\"isPartOf\":{\"@id\":\"https:\/\/joyeuxbougnats-eglisolles.fr\/#website\"},\"datePublished\":\"2021-03-02T18:01:56+00:00\",\"dateModified\":\"2021-03-02T18:01:57+00:00\",\"breadcrumb\":{\"@id\":\"https:\/\/joyeuxbougnats-eglisolles.fr\/?page_id=102#breadcrumb\"},\"inLanguage\":\"fr-FR\",\"potentialAction\":[{\"@type\":\"ReadAction\",\"target\":[\"https:\/\/joyeuxbougnats-eglisolles.fr\/?page_id=102\"]}]},{\"@type\":\"BreadcrumbList\",\"@id\":\"https:\/\/joyeuxbougnats-eglisolles.fr\/?page_id=102#breadcrumb\",\"itemListElement\":[{\"@type\":\"ListItem\",\"position\":1,\"name\":\"Accueil\",\"item\":\"https:\/\/joyeuxbougnats-eglisolles.fr\/\"},{\"@type\":\"ListItem\",\"position\":2,\"name\":\"Mentions l\u00e9gales\"}]},{\"@type\":\"WebSite\",\"@id\":\"https:\/\/joyeuxbougnats-eglisolles.fr\/#website\",\"url\":\"https:\/\/joyeuxbougnats-eglisolles.fr\/\",\"name\":\"Les Joyeux Bougnats d'Eglisolles\",\"description\":\"Association pour l&#039;animation, soir\u00e9es, repas, sorties, f\u00eate du village\",\"publisher\":{\"@id\":\"https:\/\/joyeuxbougnats-eglisolles.fr\/#organization\"},\"potentialAction\":[{\"@type\":\"SearchAction\",\"target\":{\"@type\":\"EntryPoint\",\"urlTemplate\":\"https:\/\/joyeuxbougnats-eglisolles.fr\/?s={search_term_string}\"},\"query-input\":{\"@type\":\"PropertyValueSpecification\",\"valueRequired\":true,\"valueName\":\"search_term_string\"}}],\"inLanguage\":\"fr-FR\"},{\"@type\":\"Organization\",\"@id\":\"https:\/\/joyeuxbougnats-eglisolles.fr\/#organization\",\"name\":\"Les Joyeux Bougnats d'Eglisolles\",\"url\":\"https:\/\/joyeuxbougnats-eglisolles.fr\/\",\"logo\":{\"@type\":\"ImageObject\",\"inLanguage\":\"fr-FR\",\"@id\":\"https:\/\/joyeuxbougnats-eglisolles.fr\/#\/schema\/logo\/image\/\",\"url\":\"https:\/\/joyeuxbougnats-eglisolles.fr\/wp-content\/uploads\/2021\/03\/cropped-logo_jbe_1.jpg\",\"contentUrl\":\"https:\/\/joyeuxbougnats-eglisolles.fr\/wp-content\/uploads\/2021\/03\/cropped-logo_jbe_1.jpg\",\"width\":307,\"height\":140,\"caption\":\"Les Joyeux Bougnats d'Eglisolles\"},\"image\":{\"@id\":\"https:\/\/joyeuxbougnats-eglisolles.fr\/#\/schema\/logo\/image\/\"}}]}<\/script>\n<!-- \/ Yoast SEO plugin. -->","yoast_head_json":{"title":"Mentions l\u00e9gales - Les Joyeux Bougnats d&#039;Eglisolles","robots":{"index":"index","follow":"follow","max-snippet":"max-snippet:-1","max-image-preview":"max-image-preview:large","max-video-preview":"max-video-preview:-1"},"canonical":"https:\/\/joyeuxbougnats-eglisolles.fr\/?page_id=102","og_locale":"fr_FR","og_type":"article","og_title":"Mentions l\u00e9gales - Les Joyeux Bougnats d&#039;Eglisolles","og_description":"Le site joyeuxbougnats-eglisolles.fr a pour but d&rsquo;informer des f\u00eates, soir\u00e9es, repas, excusions propos\u00e9es par l&rsquo;association aux habitants d&rsquo;Eglisolles et ses environs. Informations \u00e9ditoriales \u00c9diteurAssociation Les Joyeux BougnatsMairie63840 Eglisolles Directeur de publicationRobert Bichelonne Pr\u00e9sident Association Les Joyeux Bougnats ContactT\u00e9l: 04 73 72 79 11Courriel: robertbichelonne@hotmail.fr Protection et traitement de donn\u00e9es \u00e0 [&hellip;]","og_url":"https:\/\/joyeuxbougnats-eglisolles.fr\/?page_id=102","og_site_name":"Les Joyeux Bougnats d&#039;Eglisolles","article_modified_time":"2021-03-02T18:01:57+00:00","twitter_card":"summary_large_image","twitter_misc":{"Dur\u00e9e de lecture estim\u00e9e":"4 minutes"},"schema":{"@context":"https:\/\/schema.org","@graph":[{"@type":"WebPage","@id":"https:\/\/joyeuxbougnats-eglisolles.fr\/?page_id=102","url":"https:\/\/joyeuxbougnats-eglisolles.fr\/?page_id=102","name":"Mentions l\u00e9gales - Les Joyeux Bougnats d&#039;Eglisolles","isPartOf":{"@id":"https:\/\/joyeuxbougnats-eglisolles.fr\/#website"},"datePublished":"2021-03-02T18:01:56+00:00","dateModified":"2021-03-02T18:01:57+00:00","breadcrumb":{"@id":"https:\/\/joyeuxbougnats-eglisolles.fr\/?page_id=102#breadcrumb"},"inLanguage":"fr-FR","potentialAction":[{"@type":"ReadAction","target":["https:\/\/joyeuxbougnats-eglisolles.fr\/?page_id=102"]}]},{"@type":"BreadcrumbList","@id":"https:\/\/joyeuxbougnats-eglisolles.fr\/?page_id=102#breadcrumb","itemListElement":[{"@type":"ListItem","position":1,"name":"Accueil","item":"https:\/\/joyeuxbougnats-eglisolles.fr\/"},{"@type":"ListItem","position":2,"name":"Mentions l\u00e9gales"}]},{"@type":"WebSite","@id":"https:\/\/joyeuxbougnats-eglisolles.fr\/#website","url":"https:\/\/joyeuxbougnats-eglisolles.fr\/","name":"Les Joyeux Bougnats d'Eglisolles","description":"Association pour l&#039;animation, soir\u00e9es, repas, sorties, f\u00eate du village","publisher":{"@id":"https:\/\/joyeuxbougnats-eglisolles.fr\/#organization"},"potentialAction":[{"@type":"SearchAction","target":{"@type":"EntryPoint","urlTemplate":"https:\/\/joyeuxbougnats-eglisolles.fr\/?s={search_term_string}"},"query-input":{"@type":"PropertyValueSpecification","valueRequired":true,"valueName":"search_term_string"}}],"inLanguage":"fr-FR"},{"@type":"Organization","@id":"https:\/\/joyeuxbougnats-eglisolles.fr\/#organization","name":"Les Joyeux Bougnats d'Eglisolles","url":"https:\/\/joyeuxbougnats-eglisolles.fr\/","logo":{"@type":"ImageObject","inLanguage":"fr-FR","@id":"https:\/\/joyeuxbougnats-eglisolles.fr\/#\/schema\/logo\/image\/","url":"https:\/\/joyeuxbougnats-eglisolles.fr\/wp-content\/uploads\/2021\/03\/cropped-logo_jbe_1.jpg","contentUrl":"https:\/\/joyeuxbougnats-eglisolles.fr\/wp-content\/uploads\/2021\/03\/cropped-logo_jbe_1.jpg","width":307,"height":140,"caption":"Les Joyeux Bougnats d'Eglisolles"},"image":{"@id":"https:\/\/joyeuxbougnats-eglisolles.fr\/#\/schema\/logo\/image\/"}}]}},"_links":{"self":[{"href":"https:\/\/joyeuxbougnats-eglisolles.fr\/index.php?rest_route=\/wp\/v2\/pages\/102","targetHints":{"allow":["GET"]}}],"collection":[{"href":"https:\/\/joyeuxbougnats-eglisolles.fr\/index.php?rest_route=\/wp\/v2\/pages"}],"about":[{"href":"https:\/\/joyeuxbougnats-eglisolles.fr\/index.php?rest_route=\/wp\/v2\/types\/page"}],"author":[{"embeddable":true,"href":"https:\/\/joyeuxbougnats-eglisolles.fr\/index.php?rest_route=\/wp\/v2\/users\/1"}],"replies":[{"embeddable":true,"href":"https:\/\/joyeuxbougnats-eglisolles.fr\/index.php?rest_route=%2Fwp%2Fv2%2Fcomments&post=102"}],"version-history":[{"count":1,"href":"https:\/\/joyeuxbougnats-eglisolles.fr\/index.php?rest_route=\/wp\/v2\/pages\/102\/revisions"}],"predecessor-version":[{"id":103,"href":"https:\/\/joyeuxbougnats-eglisolles.fr\/index.php?rest_route=\/wp\/v2\/pages\/102\/revisions\/103"}],"wp:attachment":[{"href":"https:\/\/joyeuxbougnats-eglisolles.fr\/index.php?rest_route=%2Fwp%2Fv2%2Fmedia&parent=102"}],"curies":[{"name":"wp","href":"https:\/\/api.w.org\/{rel}","templated":true}]}}